{"id":1932,"date":"2019-08-13T13:46:01","date_gmt":"2019-08-13T13:46:01","guid":{"rendered":"https:\/\/pyrgosblue.gr\/accomodation-de\/"},"modified":"2019-08-27T13:47:47","modified_gmt":"2019-08-27T13:47:47","slug":"accomodation-de","status":"publish","type":"page","link":"https:\/\/pyrgosblue.gr\/de\/accomodation-de\/","title":{"rendered":"Die besten Zimmer und Suiten am Strand in Malia"},"content":{"rendered":"<hr>\n<div class=\"grid nd_options_grid_4 wpb_widgetised_column\">\n<div id=\"text-3\" class=\"widget widget_text\">\n<div class=\"textwidget\">\n<p>Genie\u00dfen Sie die herrliche Aussicht, entspannen Sie sich unter der Sonne, geh\u00f6ren Sie zur Familie Pyrgos Blue. Eine der besten Lagen f\u00fcr einen Aufenthalt in Malia Crete.<\/p>\n<\/div>\n<\/div>\n<\/div>\n","protected":false},"excerpt":{"rendered":"<p>Genie\u00dfen Sie die herrliche Aussicht, entspannen Sie sich unter der Sonne, geh\u00f6ren Sie zur Familie Pyrgos Blue. Eine der besten Lagen f\u00fcr einen Aufenthalt in Malia Crete.<\/p>\n","protected":false},"author":1,"featured_media":0,"parent":0,"menu_order":0,"comment_status":"closed","ping_status":"closed","template":"portfolio.php","meta":{"_acf_changed":false,"footnotes":""},"acf":[],"yoast_head":"<!-- This site is optimized with the Yoast SEO plugin v22.8 - https:\/\/yoast.com\/wordpress\/plugins\/seo\/ -->\n<title>Die besten Zimmer und Suiten am Strand in Malia - Pyrgos Blue<\/title>\n<meta name=\"description\" content=\"Genie\u00dfen Sie die herrliche Aussicht, entspannen Sie unter der Sonne in Pyrgos Blue. Einer der besten Orte f\u00fcr einen Aufenthalt in Malia Crete.\" \/>\n<meta name=\"robots\" content=\"index, follow, max-snippet:-1, max-image-preview:large, max-video-preview:-1\" \/>\n<link rel=\"canonical\" href=\"https:\/\/pyrgosblue.gr\/de\/accomodation-de\/\" \/>\n<meta property=\"og:locale\" content=\"de_DE\" \/>\n<meta property=\"og:type\" content=\"article\" \/>\n<meta property=\"og:title\" content=\"Die besten Zimmer und Suiten am Strand in Malia - Pyrgos Blue\" \/>\n<meta property=\"og:description\" content=\"Genie\u00dfen Sie die herrliche Aussicht, entspannen Sie unter der Sonne in Pyrgos Blue. Einer der besten Orte f\u00fcr einen Aufenthalt in Malia Crete.\" \/>\n<meta property=\"og:url\" content=\"https:\/\/pyrgosblue.gr\/de\/accomodation-de\/\" \/>\n<meta property=\"og:site_name\" content=\"Pyrgos Blue\" \/>\n<meta property=\"article:modified_time\" content=\"2019-08-27T13:47:47+00:00\" \/>\n<meta name=\"twitter:card\" content=\"summary_large_image\" \/>\n<script type=\"application\/ld+json\" class=\"yoast-schema-graph\">{\"@context\":\"https:\/\/schema.org\",\"@graph\":[{\"@type\":\"WebPage\",\"@id\":\"https:\/\/pyrgosblue.gr\/de\/accomodation-de\/\",\"url\":\"https:\/\/pyrgosblue.gr\/de\/accomodation-de\/\",\"name\":\"Die besten Zimmer und Suiten am Strand in Malia - Pyrgos Blue\",\"isPartOf\":{\"@id\":\"https:\/\/pyrgosblue.gr\/de\/#website\"},\"datePublished\":\"2019-08-13T13:46:01+00:00\",\"dateModified\":\"2019-08-27T13:47:47+00:00\",\"description\":\"Genie\u00dfen Sie die herrliche Aussicht, entspannen Sie unter der Sonne in Pyrgos Blue. Einer der besten Orte f\u00fcr einen Aufenthalt in Malia Crete.\",\"breadcrumb\":{\"@id\":\"https:\/\/pyrgosblue.gr\/de\/accomodation-de\/#breadcrumb\"},\"inLanguage\":\"de\",\"potentialAction\":[{\"@type\":\"ReadAction\",\"target\":[\"https:\/\/pyrgosblue.gr\/de\/accomodation-de\/\"]}]},{\"@type\":\"BreadcrumbList\",\"@id\":\"https:\/\/pyrgosblue.gr\/de\/accomodation-de\/#breadcrumb\",\"itemListElement\":[{\"@type\":\"ListItem\",\"position\":1,\"name\":\"Home\",\"item\":\"https:\/\/pyrgosblue.gr\/de\/\"},{\"@type\":\"ListItem\",\"position\":2,\"name\":\"Die besten Zimmer und Suiten am Strand in Malia\"}]},{\"@type\":\"WebSite\",\"@id\":\"https:\/\/pyrgosblue.gr\/de\/#website\",\"url\":\"https:\/\/pyrgosblue.gr\/de\/\",\"name\":\"Pyrgos Blue\",\"description\":\"Rooms &amp; Suites | Malia Crete\",\"potentialAction\":[{\"@type\":\"SearchAction\",\"target\":{\"@type\":\"EntryPoint\",\"urlTemplate\":\"https:\/\/pyrgosblue.gr\/de\/?s={search_term_string}\"},\"query-input\":\"required name=search_term_string\"}],\"inLanguage\":\"de\"}]}<\/script>\n<!-- \/ Yoast SEO plugin. -->","yoast_head_json":{"title":"Die besten Zimmer und Suiten am Strand in Malia - Pyrgos Blue","description":"Genie\u00dfen Sie die herrliche Aussicht, entspannen Sie unter der Sonne in Pyrgos Blue. Einer der besten Orte f\u00fcr einen Aufenthalt in Malia Crete.","robots":{"index":"index","follow":"follow","max-snippet":"max-snippet:-1","max-image-preview":"max-image-preview:large","max-video-preview":"max-video-preview:-1"},"canonical":"https:\/\/pyrgosblue.gr\/de\/accomodation-de\/","og_locale":"de_DE","og_type":"article","og_title":"Die besten Zimmer und Suiten am Strand in Malia - Pyrgos Blue","og_description":"Genie\u00dfen Sie die herrliche Aussicht, entspannen Sie unter der Sonne in Pyrgos Blue. Einer der besten Orte f\u00fcr einen Aufenthalt in Malia Crete.","og_url":"https:\/\/pyrgosblue.gr\/de\/accomodation-de\/","og_site_name":"Pyrgos Blue","article_modified_time":"2019-08-27T13:47:47+00:00","twitter_card":"summary_large_image","schema":{"@context":"https:\/\/schema.org","@graph":[{"@type":"WebPage","@id":"https:\/\/pyrgosblue.gr\/de\/accomodation-de\/","url":"https:\/\/pyrgosblue.gr\/de\/accomodation-de\/","name":"Die besten Zimmer und Suiten am Strand in Malia - Pyrgos Blue","isPartOf":{"@id":"https:\/\/pyrgosblue.gr\/de\/#website"},"datePublished":"2019-08-13T13:46:01+00:00","dateModified":"2019-08-27T13:47:47+00:00","description":"Genie\u00dfen Sie die herrliche Aussicht, entspannen Sie unter der Sonne in Pyrgos Blue. Einer der besten Orte f\u00fcr einen Aufenthalt in Malia Crete.","breadcrumb":{"@id":"https:\/\/pyrgosblue.gr\/de\/accomodation-de\/#breadcrumb"},"inLanguage":"de","potentialAction":[{"@type":"ReadAction","target":["https:\/\/pyrgosblue.gr\/de\/accomodation-de\/"]}]},{"@type":"BreadcrumbList","@id":"https:\/\/pyrgosblue.gr\/de\/accomodation-de\/#breadcrumb","itemListElement":[{"@type":"ListItem","position":1,"name":"Home","item":"https:\/\/pyrgosblue.gr\/de\/"},{"@type":"ListItem","position":2,"name":"Die besten Zimmer und Suiten am Strand in Malia"}]},{"@type":"WebSite","@id":"https:\/\/pyrgosblue.gr\/de\/#website","url":"https:\/\/pyrgosblue.gr\/de\/","name":"Pyrgos Blue","description":"Rooms &amp; Suites | Malia Crete","potentialAction":[{"@type":"SearchAction","target":{"@type":"EntryPoint","urlTemplate":"https:\/\/pyrgosblue.gr\/de\/?s={search_term_string}"},"query-input":"required name=search_term_string"}],"inLanguage":"de"}]}},"_links":{"self":[{"href":"https:\/\/pyrgosblue.gr\/de\/wp-json\/wp\/v2\/pages\/1932"}],"collection":[{"href":"https:\/\/pyrgosblue.gr\/de\/wp-json\/wp\/v2\/pages"}],"about":[{"href":"https:\/\/pyrgosblue.gr\/de\/wp-json\/wp\/v2\/types\/page"}],"author":[{"embeddable":true,"href":"https:\/\/pyrgosblue.gr\/de\/wp-json\/wp\/v2\/users\/1"}],"replies":[{"embeddable":true,"href":"https:\/\/pyrgosblue.gr\/de\/wp-json\/wp\/v2\/comments?post=1932"}],"version-history":[{"count":0,"href":"https:\/\/pyrgosblue.gr\/de\/wp-json\/wp\/v2\/pages\/1932\/revisions"}],"wp:attachment":[{"href":"https:\/\/pyrgosblue.gr\/de\/wp-json\/wp\/v2\/media?parent=1932"}],"curies":[{"name":"wp","href":"https:\/\/api.w.org\/{rel}","templated":true}]}}