{"id":2437,"date":"2019-08-23T12:45:27","date_gmt":"2019-08-23T12:45:27","guid":{"rendered":"https:\/\/pyrgosblue.gr\/datenschutz-bestimmungen\/"},"modified":"2019-08-23T12:45:55","modified_gmt":"2019-08-23T12:45:55","slug":"privacy-policy-de","status":"publish","type":"page","link":"https:\/\/pyrgosblue.gr\/de\/privacy-policy-de\/","title":{"rendered":"Datenschutz-Bestimmungen"},"content":{"rendered":"\t\t<div data-elementor-type=\"wp-post\" data-elementor-id=\"2437\" class=\"elementor elementor-2437 elementor-3\">\n\t\t\t\t\t\t<section class=\"elementor-section elementor-top-section elementor-element elementor-element-459b0997 elementor-section-boxed elementor-section-height-default elementor-section-height-default\" data-id=\"459b0997\" data-element_type=\"section\">\n\t\t\t\t\t\t<div class=\"elementor-container elementor-column-gap-default\">\n\t\t\t\t\t<div class=\"elementor-column elementor-col-100 elementor-top-column elementor-element elementor-element-32278095\" data-id=\"32278095\" data-element_type=\"column\">\n\t\t\t<div class=\"elementor-widget-wrap elementor-element-populated\">\n\t\t\t\t\t\t<div class=\"elementor-element elementor-element-74ce069 elementor-widget elementor-widget-heading\" data-id=\"74ce069\" data-element_type=\"widget\" data-widget_type=\"heading.default\">\n\t\t\t\t<div class=\"elementor-widget-container\">\n\t\t\t<h1 class=\"elementor-heading-title elementor-size-default\">Datenschutz-Bestimmungen<\/h1>\t\t<\/div>\n\t\t\t\t<\/div>\n\t\t\t\t<div class=\"elementor-element elementor-element-12e9724 elementor-widget-divider--view-line elementor-widget elementor-widget-divider\" data-id=\"12e9724\" data-element_type=\"widget\" data-widget_type=\"divider.default\">\n\t\t\t\t<div class=\"elementor-widget-container\">\n\t\t\t\t\t<div class=\"elementor-divider\">\n\t\t\t<span class=\"elementor-divider-separator\">\n\t\t\t\t\t\t<\/span>\n\t\t<\/div>\n\t\t\t\t<\/div>\n\t\t\t\t<\/div>\n\t\t\t\t<div class=\"elementor-element elementor-element-2cb1d74b elementor-widget elementor-widget-text-editor\" data-id=\"2cb1d74b\" data-element_type=\"widget\" data-widget_type=\"text-editor.default\">\n\t\t\t\t<div class=\"elementor-widget-container\">\n\t\t\t\t\t\t\t<p>Diese Allgemeinen Gesch\u00e4ftsbedingungen enthalten die Regeln und Bestimmungen f\u00fcr die Nutzung der Pyrgos Blue Hotel-Website.<\/p>\n<p>Das Pyrgos Blue Hotel befindet sich in:<\/p>\n<p>Pyrgos St., Malia<br \/>\nHeraklion &#8211; 70007, Griechenland<br \/>\nMit dem Zugriff auf diese Website akzeptieren Sie diese Allgemeinen Gesch\u00e4ftsbedingungen in vollem Umfang. Verwenden Sie die Pyrgos Blue Hotel-Website nicht weiter, wenn Sie nicht allen auf dieser Seite aufgef\u00fchrten Bedingungen zustimmen. Die folgende Terminologie gilt f\u00fcr diese Allgemeinen Gesch\u00e4ftsbedingungen, die Datenschutzerkl\u00e4rung und den Haftungsausschluss sowie f\u00fcr alle Vereinbarungen: &#8222;Kunde&#8220;, &#8222;Sie&#8220; und &#8222;Ihr&#8220; beziehen sich auf Sie, die Person, die auf diese Website zugreift und die Allgemeinen Gesch\u00e4ftsbedingungen des Unternehmens akzeptiert. \u201eDas Unternehmen\u201c, \u201eWir\u201c, \u201eWir\u201c, \u201eUnser\u201c und \u201eWir\u201c beziehen sich auf unser Unternehmen. &#8222;Partei&#8220;, &#8222;Parteien&#8220; oder &#8222;Wir&#8220; bezieht sich sowohl auf den Kunden als auch auf uns selbst oder entweder auf den Kunden oder auf uns. Alle Bedingungen beziehen sich auf das Angebot, die Annahme und die Gegenleistung f\u00fcr Zahlungen, die erforderlich sind, um den Prozess unserer Unterst\u00fctzung f\u00fcr den Kunden auf die am besten geeignete Weise durchzuf\u00fchren, sei es durch formelle Sitzungen von fester Dauer oder auf andere Weise, um den ausdr\u00fccklichen Zweck der Erf\u00fcllung der Anforderungen zu erf\u00fcllen Kundenbed\u00fcrfnisse in Bezug auf die Bereitstellung der angegebenen Dienstleistungen \/ Produkte des Unternehmens gem\u00e4\u00df dem geltenden griechischen Recht. Jede Verwendung der obigen Terminologie oder anderer W\u00f6rter im Singular, Plural, Gro\u00dfbuchstaben und \/ oder er \/ sie oder sie wird als austauschbar angesehen und bezieht sich daher auf dieselbe.<\/p>\n<p>Kekse<br \/>\nWir setzen Cookies ein. Durch die Nutzung der Pyrgos Blue Hotel-Website stimmen Sie der Verwendung von Cookies gem\u00e4\u00df den Datenschutzbestimmungen von Pyrgos Blue Hotel zu. Die meisten modernen interaktiven Websites verwenden Cookies, damit wir Benutzerdaten f\u00fcr jeden Besuch abrufen k\u00f6nnen. In einigen Bereichen unserer Website werden Cookies verwendet, um die Funktionalit\u00e4t dieses Bereichs und die Benutzerfreundlichkeit f\u00fcr die Besucher zu verbessern. Einige unserer<\/p>\n<p>Affiliate- \/ Werbepartner k\u00f6nnen ebenfalls Cookies verwenden.<\/p>\n<p>Lizenz<br \/>\nSofern nicht anders angegeben, besitzen das Pyrgos Blue Hotel und \/ oder dessen Lizenzgeber die geistigen Eigentumsrechte an s\u00e4mtlichem Material des Pyrgos Blue Hotel. Alle geistigen Eigentumsrechte sind vorbehalten. Sie d\u00fcrfen Seiten von https:\/\/pyrgosblue.gr\/ f\u00fcr Ihren pers\u00f6nlichen Gebrauch anzeigen und \/ oder drucken, sofern in diesen Nutzungsbedingungen Einschr\u00e4nkungen festgelegt sind.<\/p>\n<p>Du darfst nicht:<\/p>\n<p>Material von https:\/\/pyrgosblue.gr\/ erneut ver\u00f6ffentlichen<br \/>\nVerkaufen, vermieten oder unterlizenzieren Sie Material von https:\/\/pyrgosblue.gr\/<br \/>\nVervielf\u00e4ltigen, kopieren oder kopieren Sie Material von https:\/\/pyrgosblue.gr\/<br \/>\nVerteilen Sie Inhalte von Pyrgos Blue Hotel neu (sofern diese nicht speziell f\u00fcr die Weiterverteilung bestimmt sind).<\/p>\n<p>Hyperlinks zu unseren Inhalten<br \/>\nDie folgenden Organisationen k\u00f6nnen ohne vorherige schriftliche Genehmigung auf unsere Website verlinken:<br \/>\nRegierungsbeh\u00f6rden;<br \/>\nSuchmaschinen;<br \/>\nNachrichtenorganisationen;<br \/>\nOnline-Verzeichnisverteiler k\u00f6nnen, wenn sie uns in dem Verzeichnis auflisten, auf die gleiche Weise auf unsere Website verweisen, wie sie auf die Websites anderer b\u00f6rsennotierter Unternehmen verweisen. und<br \/>\nSystemweit akkreditierte Unternehmen, mit Ausnahme von gemeinn\u00fctzigen Organisationen, Einkaufszentren f\u00fcr Wohlt\u00e4tigkeitszwecke und Wohlt\u00e4tigkeitsorganisationen, die m\u00f6glicherweise keinen Hyperlink zu unserer Website erstellen.<br \/>\nDiese Organisationen k\u00f6nnen auf unsere Homepage, auf Ver\u00f6ffentlichungen oder auf andere Website-Informationen verweisen, sofern der Link: (a) in keiner Weise irref\u00fchrend ist; (b) impliziert nicht f\u00e4lschlicherweise Sponsoring, Billigung oder Genehmigung der verkn\u00fcpften Partei und ihrer Produkte oder Dienstleistungen; und (c) in den Kontext der Website der verlinkenden Partei passt.<br \/>\nWir k\u00f6nnen nach eigenem Ermessen andere Linkanfragen von folgenden Arten von Organisationen pr\u00fcfen und genehmigen:<br \/>\nallgemein bekannte Verbraucher- und \/ oder Gesch\u00e4ftsinformationsquellen wie Handelskammern, American Automobile Association, AARP und Consumers Union;<br \/>\ndot.com Community-Sites;<br \/>\nVereinigungen oder andere Gruppen, die Wohlt\u00e4tigkeitsorganisationen vertreten, einschlie\u00dflich Wohlt\u00e4tigkeitsorganisationen,<br \/>\nOnline-Verzeichnisverteiler;<br \/>\nInternetportale;<br \/>\nWirtschaftspr\u00fcfungs-, Rechts- und Beratungsunternehmen, deren Hauptkunden Unternehmen sind; und<br \/>\nBildungseinrichtungen und Fachverb\u00e4nde.<br \/>\nWir genehmigen Link-Anfragen von diesen Organisationen, wenn wir feststellen, dass: (a) der Link uns oder unsere akkreditierten Unternehmen (z. B. Handelsverb\u00e4nde oder andere Organisationen, die von Natur aus verd\u00e4chtige Arten von Unternehmen vertreten, z. Wohnm\u00f6glichkeiten, d\u00fcrfen nicht verlinken); (b) die Organisation hat keine unbefriedigende Bilanz bei uns; (c) Der Nutzen der mit dem Hyperlink verbundenen Sichtbarkeit f\u00fcr uns \u00fcberwiegt das Fehlen eines Links im Zusammenhang mit allgemeinen Ressourceninformationen oder stimmt auf andere Weise mit dem redaktionellen Inhalt eines Newsletters oder eines \u00e4hnlichen Produkts \u00fcberein, der die Mission der Organisation f\u00f6rdert. Diese Organisationen k\u00f6nnen auf unsere Homepage, auf Ver\u00f6ffentlichungen oder auf andere Website-Informationen verweisen, sofern der Link: (a) in keiner Weise irref\u00fchrend ist; (b) bedeutet nicht f\u00e4lschlicherweise Sponsoring, Billigung oder Genehmigung der verkn\u00fcpften Partei und ihrer Produkte oder Dienstleistungen; und (c) in den Kontext der Website der verlinkenden Partei passt.<\/p>\n<p>Wenn Sie zu den in Absatz 2 aufgef\u00fchrten Organisationen geh\u00f6ren und Interesse haben<\/p>\n\t\t\t\t\t\t<\/div>\n\t\t\t\t<\/div>\n\t\t\t\t\t<\/div>\n\t\t<\/div>\n\t\t\t\t\t<\/div>\n\t\t<\/section>\n\t\t\t\t<\/div>\n\t\t","protected":false},"excerpt":{"rendered":"<p>Datenschutz-Bestimmungen Diese Allgemeinen Gesch\u00e4ftsbedingungen enthalten die Regeln und Bestimmungen f\u00fcr die Nutzung der Pyrgos Blue Hotel-Website. Das Pyrgos Blue Hotel befindet sich in: Pyrgos St., Malia Heraklion &#8211; 70007, Griechenland Mit dem Zugriff auf diese Website akzeptieren Sie diese Allgemeinen Gesch\u00e4ftsbedingungen in vollem Umfang. Verwenden Sie die Pyrgos Blue Hotel-Website nicht weiter, wenn Sie nicht&hellip;<\/p>\n","protected":false},"author":1,"featured_media":0,"parent":0,"menu_order":0,"comment_status":"closed","ping_status":"open","template":"","meta":{"_acf_changed":false,"footnotes":""},"acf":[],"yoast_head":"<!-- This site is optimized with the Yoast SEO plugin v22.8 - https:\/\/yoast.com\/wordpress\/plugins\/seo\/ -->\n<title>Datenschutz-Bestimmungen - Pyrgos Blue<\/title>\n<meta name=\"robots\" content=\"index, follow, max-snippet:-1, max-image-preview:large, max-video-preview:-1\" \/>\n<link rel=\"canonical\" href=\"https:\/\/pyrgosblue.gr\/de\/privacy-policy-de\/\" \/>\n<meta property=\"og:locale\" content=\"de_DE\" \/>\n<meta property=\"og:type\" content=\"article\" \/>\n<meta property=\"og:title\" content=\"Datenschutz-Bestimmungen - Pyrgos Blue\" \/>\n<meta property=\"og:description\" content=\"Datenschutz-Bestimmungen Diese Allgemeinen Gesch\u00e4ftsbedingungen enthalten die Regeln und Bestimmungen f\u00fcr die Nutzung der Pyrgos Blue Hotel-Website. Das Pyrgos Blue Hotel befindet sich in: Pyrgos St., Malia Heraklion &#8211; 70007, Griechenland Mit dem Zugriff auf diese Website akzeptieren Sie diese Allgemeinen Gesch\u00e4ftsbedingungen in vollem Umfang. Verwenden Sie die Pyrgos Blue Hotel-Website nicht weiter, wenn Sie nicht&hellip;\" \/>\n<meta property=\"og:url\" content=\"https:\/\/pyrgosblue.gr\/de\/privacy-policy-de\/\" \/>\n<meta property=\"og:site_name\" content=\"Pyrgos Blue\" \/>\n<meta property=\"article:modified_time\" content=\"2019-08-23T12:45:55+00:00\" \/>\n<meta name=\"twitter:card\" content=\"summary_large_image\" \/>\n<meta name=\"twitter:label1\" content=\"Gesch\u00e4tzte Lesezeit\" \/>\n\t<meta name=\"twitter:data1\" content=\"4\u00a0Minuten\" \/>\n<script type=\"application\/ld+json\" class=\"yoast-schema-graph\">{\"@context\":\"https:\/\/schema.org\",\"@graph\":[{\"@type\":\"WebPage\",\"@id\":\"https:\/\/pyrgosblue.gr\/de\/privacy-policy-de\/\",\"url\":\"https:\/\/pyrgosblue.gr\/de\/privacy-policy-de\/\",\"name\":\"Datenschutz-Bestimmungen - Pyrgos Blue\",\"isPartOf\":{\"@id\":\"https:\/\/pyrgosblue.gr\/de\/#website\"},\"datePublished\":\"2019-08-23T12:45:27+00:00\",\"dateModified\":\"2019-08-23T12:45:55+00:00\",\"breadcrumb\":{\"@id\":\"https:\/\/pyrgosblue.gr\/de\/privacy-policy-de\/#breadcrumb\"},\"inLanguage\":\"de\",\"potentialAction\":[{\"@type\":\"ReadAction\",\"target\":[\"https:\/\/pyrgosblue.gr\/de\/privacy-policy-de\/\"]}]},{\"@type\":\"BreadcrumbList\",\"@id\":\"https:\/\/pyrgosblue.gr\/de\/privacy-policy-de\/#breadcrumb\",\"itemListElement\":[{\"@type\":\"ListItem\",\"position\":1,\"name\":\"Home\",\"item\":\"https:\/\/pyrgosblue.gr\/de\/\"},{\"@type\":\"ListItem\",\"position\":2,\"name\":\"Datenschutz-Bestimmungen\"}]},{\"@type\":\"WebSite\",\"@id\":\"https:\/\/pyrgosblue.gr\/de\/#website\",\"url\":\"https:\/\/pyrgosblue.gr\/de\/\",\"name\":\"Pyrgos Blue\",\"description\":\"Rooms &amp; Suites | Malia Crete\",\"potentialAction\":[{\"@type\":\"SearchAction\",\"target\":{\"@type\":\"EntryPoint\",\"urlTemplate\":\"https:\/\/pyrgosblue.gr\/de\/?s={search_term_string}\"},\"query-input\":\"required name=search_term_string\"}],\"inLanguage\":\"de\"}]}<\/script>\n<!-- \/ Yoast SEO plugin. -->","yoast_head_json":{"title":"Datenschutz-Bestimmungen - Pyrgos Blue","robots":{"index":"index","follow":"follow","max-snippet":"max-snippet:-1","max-image-preview":"max-image-preview:large","max-video-preview":"max-video-preview:-1"},"canonical":"https:\/\/pyrgosblue.gr\/de\/privacy-policy-de\/","og_locale":"de_DE","og_type":"article","og_title":"Datenschutz-Bestimmungen - Pyrgos Blue","og_description":"Datenschutz-Bestimmungen Diese Allgemeinen Gesch\u00e4ftsbedingungen enthalten die Regeln und Bestimmungen f\u00fcr die Nutzung der Pyrgos Blue Hotel-Website. Das Pyrgos Blue Hotel befindet sich in: Pyrgos St., Malia Heraklion &#8211; 70007, Griechenland Mit dem Zugriff auf diese Website akzeptieren Sie diese Allgemeinen Gesch\u00e4ftsbedingungen in vollem Umfang. Verwenden Sie die Pyrgos Blue Hotel-Website nicht weiter, wenn Sie nicht&hellip;","og_url":"https:\/\/pyrgosblue.gr\/de\/privacy-policy-de\/","og_site_name":"Pyrgos Blue","article_modified_time":"2019-08-23T12:45:55+00:00","twitter_card":"summary_large_image","twitter_misc":{"Gesch\u00e4tzte Lesezeit":"4\u00a0Minuten"},"schema":{"@context":"https:\/\/schema.org","@graph":[{"@type":"WebPage","@id":"https:\/\/pyrgosblue.gr\/de\/privacy-policy-de\/","url":"https:\/\/pyrgosblue.gr\/de\/privacy-policy-de\/","name":"Datenschutz-Bestimmungen - Pyrgos Blue","isPartOf":{"@id":"https:\/\/pyrgosblue.gr\/de\/#website"},"datePublished":"2019-08-23T12:45:27+00:00","dateModified":"2019-08-23T12:45:55+00:00","breadcrumb":{"@id":"https:\/\/pyrgosblue.gr\/de\/privacy-policy-de\/#breadcrumb"},"inLanguage":"de","potentialAction":[{"@type":"ReadAction","target":["https:\/\/pyrgosblue.gr\/de\/privacy-policy-de\/"]}]},{"@type":"BreadcrumbList","@id":"https:\/\/pyrgosblue.gr\/de\/privacy-policy-de\/#breadcrumb","itemListElement":[{"@type":"ListItem","position":1,"name":"Home","item":"https:\/\/pyrgosblue.gr\/de\/"},{"@type":"ListItem","position":2,"name":"Datenschutz-Bestimmungen"}]},{"@type":"WebSite","@id":"https:\/\/pyrgosblue.gr\/de\/#website","url":"https:\/\/pyrgosblue.gr\/de\/","name":"Pyrgos Blue","description":"Rooms &amp; Suites | Malia Crete","potentialAction":[{"@type":"SearchAction","target":{"@type":"EntryPoint","urlTemplate":"https:\/\/pyrgosblue.gr\/de\/?s={search_term_string}"},"query-input":"required name=search_term_string"}],"inLanguage":"de"}]}},"_links":{"self":[{"href":"https:\/\/pyrgosblue.gr\/de\/wp-json\/wp\/v2\/pages\/2437"}],"collection":[{"href":"https:\/\/pyrgosblue.gr\/de\/wp-json\/wp\/v2\/pages"}],"about":[{"href":"https:\/\/pyrgosblue.gr\/de\/wp-json\/wp\/v2\/types\/page"}],"author":[{"embeddable":true,"href":"https:\/\/pyrgosblue.gr\/de\/wp-json\/wp\/v2\/users\/1"}],"replies":[{"embeddable":true,"href":"https:\/\/pyrgosblue.gr\/de\/wp-json\/wp\/v2\/comments?post=2437"}],"version-history":[{"count":0,"href":"https:\/\/pyrgosblue.gr\/de\/wp-json\/wp\/v2\/pages\/2437\/revisions"}],"wp:attachment":[{"href":"https:\/\/pyrgosblue.gr\/de\/wp-json\/wp\/v2\/media?parent=2437"}],"curies":[{"name":"wp","href":"https:\/\/api.w.org\/{rel}","templated":true}]}}